{"id":159,"date":"2023-07-10T10:37:54","date_gmt":"2023-07-10T14:37:54","guid":{"rendered":"https:\/\/perfumesfactory.com\/do\/?page_id=159"},"modified":"2023-07-17T11:47:10","modified_gmt":"2023-07-17T15:47:10","slug":"feromona","status":"publish","type":"page","link":"https:\/\/perfumesfactory.com\/do\/feromona\/","title":{"rendered":"feromona"},"content":{"rendered":"\t\t<div data-elementor-type=\"wp-page\" data-elementor-id=\"159\" class=\"elementor elementor-159\" data-elementor-post-type=\"page\">\n\t\t\t\t<div class=\"elementor-element elementor-element-0cef24d e-flex e-con-boxed e-con e-parent\" data-id=\"0cef24d\" data-element_type=\"container\" data-e-type=\"container\">\n\t\t\t\t\t<div class=\"e-con-inner\">\n\t\t<div class=\"elementor-element elementor-element-7554ac2 e-con-full e-flex e-con e-child\" data-id=\"7554ac2\" data-element_type=\"container\" data-e-type=\"container\">\n\t\t\t\t<div class=\"elementor-element elementor-element-df8cc14 elementor-widget elementor-widget-image\" data-id=\"df8cc14\" data-element_type=\"widget\" data-e-type=\"widget\" data-widget_type=\"image.default\">\n\t\t\t\t<div class=\"elementor-widget-container\">\n\t\t\t\t\t\t\t\t\t\t\t\t\t\t\t<img fetchpriority=\"high\" decoding=\"async\" width=\"1024\" height=\"301\" src=\"https:\/\/i0.wp.com\/perfumesfactory.com\/do\/wp-content\/uploads\/2023\/07\/imanproductsproducts-1024x301-1.png?fit=1024%2C301&amp;ssl=1\" class=\"attachment-large size-large wp-image-583\" alt=\"\" srcset=\"https:\/\/i0.wp.com\/perfumesfactory.com\/do\/wp-content\/uploads\/2023\/07\/imanproductsproducts-1024x301-1.png?w=1024&amp;ssl=1 1024w, https:\/\/i0.wp.com\/perfumesfactory.com\/do\/wp-content\/uploads\/2023\/07\/imanproductsproducts-1024x301-1.png?resize=300%2C88&amp;ssl=1 300w, https:\/\/i0.wp.com\/perfumesfactory.com\/do\/wp-content\/uploads\/2023\/07\/imanproductsproducts-1024x301-1.png?resize=768%2C226&amp;ssl=1 768w\" sizes=\"(max-width: 1000px) 100vw, 1000px\" \/>\t\t\t\t\t\t\t\t\t\t\t\t\t\t\t<\/div>\n\t\t\t\t<\/div>\n\t\t\t\t<\/div>\n\t\t\t\t\t<\/div>\n\t\t\t\t<\/div>\n\t\t<div class=\"elementor-element elementor-element-5b34670 e-flex e-con-boxed e-con e-parent\" data-id=\"5b34670\" data-element_type=\"container\" data-e-type=\"container\">\n\t\t\t\t\t<div class=\"e-con-inner\">\n\t\t<div class=\"elementor-element elementor-element-b35fcfd e-con-full e-flex e-con e-child\" data-id=\"b35fcfd\" data-element_type=\"container\" data-e-type=\"container\">\n\t\t\t\t<div class=\"elementor-element elementor-element-0cb1d9c elementor-widget elementor-widget-text-editor\" data-id=\"0cb1d9c\" data-element_type=\"widget\" data-e-type=\"widget\" data-widget_type=\"text-editor.default\">\n\t\t\t\t<div class=\"elementor-widget-container\">\n\t\t\t\t\t\t\t\t\t<p>Su f\u00f3rmula ha sido desarrollada para ser el complemento ideal de<br \/>su fragancia y reforzar esa sensaci\u00f3n de seguridad que siente al<br \/>usar esa fragancia que tanto le gusta, estimulando de forma<br \/>instintiva un efecto de atracci\u00f3n f\u00edsica, seducci\u00f3n y sensualidad<br \/>en el sexo contrario.<\/p><p>Viene en una pr\u00e1ctica presentaci\u00f3n de 3 ml<\/p>\t\t\t\t\t\t\t\t<\/div>\n\t\t\t\t<\/div>\n\t\t\t\t<\/div>\n\t\t<div class=\"elementor-element elementor-element-1600981 e-con-full e-flex e-con e-child\" data-id=\"1600981\" data-element_type=\"container\" data-e-type=\"container\">\n\t\t\t\t<div class=\"elementor-element elementor-element-a8aff0d elementor-widget elementor-widget-image\" data-id=\"a8aff0d\" data-element_type=\"widget\" data-e-type=\"widget\" data-widget_type=\"image.default\">\n\t\t\t\t<div class=\"elementor-widget-container\">\n\t\t\t\t\t\t\t\t\t\t\t\t\t\t\t<img decoding=\"async\" width=\"1080\" height=\"1080\" src=\"https:\/\/i0.wp.com\/perfumesfactory.com\/do\/wp-content\/uploads\/2023\/07\/FEROMONAS-1.jpg?fit=1080%2C1080&amp;ssl=1\" class=\"attachment-full size-full wp-image-582\" alt=\"\" srcset=\"https:\/\/i0.wp.com\/perfumesfactory.com\/do\/wp-content\/uploads\/2023\/07\/FEROMONAS-1.jpg?w=1080&amp;ssl=1 1080w, https:\/\/i0.wp.com\/perfumesfactory.com\/do\/wp-content\/uploads\/2023\/07\/FEROMONAS-1.jpg?resize=300%2C300&amp;ssl=1 300w, https:\/\/i0.wp.com\/perfumesfactory.com\/do\/wp-content\/uploads\/2023\/07\/FEROMONAS-1.jpg?resize=1024%2C1024&amp;ssl=1 1024w, https:\/\/i0.wp.com\/perfumesfactory.com\/do\/wp-content\/uploads\/2023\/07\/FEROMONAS-1.jpg?resize=150%2C150&amp;ssl=1 150w, https:\/\/i0.wp.com\/perfumesfactory.com\/do\/wp-content\/uploads\/2023\/07\/FEROMONAS-1.jpg?resize=768%2C768&amp;ssl=1 768w\" sizes=\"(max-width: 1000px) 100vw, 1000px\" \/>\t\t\t\t\t\t\t\t\t\t\t\t\t\t\t<\/div>\n\t\t\t\t<\/div>\n\t\t\t\t<\/div>\n\t\t\t\t\t<\/div>\n\t\t\t\t<\/div>\n\t\t<div class=\"elementor-element elementor-element-6b8ca93 e-flex e-con-boxed e-con e-parent\" data-id=\"6b8ca93\" data-element_type=\"container\" data-e-type=\"container\">\n\t\t\t\t\t<div class=\"e-con-inner\">\n\t\t\t\t<div class=\"elementor-element elementor-element-8d804c3 elementor-align-center elementor-widget elementor-widget-button\" data-id=\"8d804c3\" data-element_type=\"widget\" data-e-type=\"widget\" data-widget_type=\"button.default\">\n\t\t\t\t<div class=\"elementor-widget-container\">\n\t\t\t\t\t\t\t\t\t<div class=\"elementor-button-wrapper\">\n\t\t\t\t\t<a class=\"elementor-button elementor-button-link elementor-size-sm elementor-animation-grow\" href=\"#elementor-action%3Aaction%3Dpopup%3Aopen%26settings%3DeyJpZCI6IjMyMCIsInRvZ2dsZSI6ZmFsc2V9\">\n\t\t\t\t\t\t<span class=\"elementor-button-content-wrapper\">\n\t\t\t\t\t\t\t\t\t<span class=\"elementor-button-text\">Precio<\/span>\n\t\t\t\t\t<\/span>\n\t\t\t\t\t<\/a>\n\t\t\t\t<\/div>\n\t\t\t\t\t\t\t\t<\/div>\n\t\t\t\t<\/div>\n\t\t\t\t\t<\/div>\n\t\t\t\t<\/div>\n\t\t\t\t<\/div>\n\t\t","protected":false},"excerpt":{"rendered":"<p>Su f\u00f3rmula ha sido desarrollada para ser el complemento ideal desu fragancia y reforzar esa sensaci\u00f3n de seguridad que siente alusar esa fragancia que tanto le gusta, estimulando de formainstintiva un efecto de atracci\u00f3n f\u00edsica, seducci\u00f3n y sensualidaden el sexo contrario. Viene en una pr\u00e1ctica presentaci\u00f3n de 3 ml Precio<\/p>\n","protected":false},"author":1,"featured_media":0,"parent":0,"menu_order":0,"comment_status":"closed","ping_status":"closed","template":"","meta":{"nf_dc_page":"","_eb_attr":"","om_disable_all_campaigns":false,"footnotes":""},"class_list":["post-159","page","type-page","status-publish","hentry"],"jetpack_sharing_enabled":true,"_links":{"self":[{"href":"https:\/\/perfumesfactory.com\/do\/wp-json\/wp\/v2\/pages\/159","targetHints":{"allow":["GET"]}}],"collection":[{"href":"https:\/\/perfumesfactory.com\/do\/wp-json\/wp\/v2\/pages"}],"about":[{"href":"https:\/\/perfumesfactory.com\/do\/wp-json\/wp\/v2\/types\/page"}],"author":[{"embeddable":true,"href":"https:\/\/perfumesfactory.com\/do\/wp-json\/wp\/v2\/users\/1"}],"replies":[{"embeddable":true,"href":"https:\/\/perfumesfactory.com\/do\/wp-json\/wp\/v2\/comments?post=159"}],"version-history":[{"count":5,"href":"https:\/\/perfumesfactory.com\/do\/wp-json\/wp\/v2\/pages\/159\/revisions"}],"predecessor-version":[{"id":586,"href":"https:\/\/perfumesfactory.com\/do\/wp-json\/wp\/v2\/pages\/159\/revisions\/586"}],"wp:attachment":[{"href":"https:\/\/perfumesfactory.com\/do\/wp-json\/wp\/v2\/media?parent=159"}],"curies":[{"name":"wp","href":"https:\/\/api.w.org\/{rel}","templated":true}]}}