{"id":214,"date":"2023-07-11T09:57:55","date_gmt":"2023-07-11T13:57:55","guid":{"rendered":"https:\/\/perfumesfactory.com\/do\/?page_id=214"},"modified":"2024-04-05T15:52:52","modified_gmt":"2024-04-05T19:52:52","slug":"linea_spa","status":"publish","type":"page","link":"https:\/\/perfumesfactory.com\/do\/linea_spa\/","title":{"rendered":"Linea_spa"},"content":{"rendered":"\t\t<div data-elementor-type=\"wp-page\" data-elementor-id=\"214\" class=\"elementor elementor-214\" data-elementor-post-type=\"page\">\n\t\t\t\t<div class=\"elementor-element elementor-element-c7d4481 e-flex e-con-boxed e-con e-parent\" data-id=\"c7d4481\" data-element_type=\"container\" data-e-type=\"container\">\n\t\t\t\t\t<div class=\"e-con-inner\">\n\t\t<div class=\"elementor-element elementor-element-83b9b21 e-con-full e-flex e-con e-child\" data-id=\"83b9b21\" data-element_type=\"container\" data-e-type=\"container\">\n\t\t\t\t<div class=\"elementor-element elementor-element-3cda2ef elementor-widget elementor-widget-image\" data-id=\"3cda2ef\" data-element_type=\"widget\" data-e-type=\"widget\" data-widget_type=\"image.default\">\n\t\t\t\t<div class=\"elementor-widget-container\">\n\t\t\t\t\t\t\t\t\t\t\t\t\t\t\t<img fetchpriority=\"high\" decoding=\"async\" width=\"1024\" height=\"301\" src=\"https:\/\/i0.wp.com\/perfumesfactory.com\/do\/wp-content\/uploads\/2024\/04\/Banner-Linea-Spa.jpg?fit=1024%2C301&amp;ssl=1\" class=\"attachment-large size-large wp-image-971\" alt=\"\" srcset=\"https:\/\/i0.wp.com\/perfumesfactory.com\/do\/wp-content\/uploads\/2024\/04\/Banner-Linea-Spa.jpg?w=1700&amp;ssl=1 1700w, https:\/\/i0.wp.com\/perfumesfactory.com\/do\/wp-content\/uploads\/2024\/04\/Banner-Linea-Spa.jpg?resize=300%2C88&amp;ssl=1 300w, https:\/\/i0.wp.com\/perfumesfactory.com\/do\/wp-content\/uploads\/2024\/04\/Banner-Linea-Spa.jpg?resize=1024%2C301&amp;ssl=1 1024w, https:\/\/i0.wp.com\/perfumesfactory.com\/do\/wp-content\/uploads\/2024\/04\/Banner-Linea-Spa.jpg?resize=768%2C226&amp;ssl=1 768w, https:\/\/i0.wp.com\/perfumesfactory.com\/do\/wp-content\/uploads\/2024\/04\/Banner-Linea-Spa.jpg?resize=1536%2C452&amp;ssl=1 1536w\" sizes=\"(max-width: 1000px) 100vw, 1000px\" \/>\t\t\t\t\t\t\t\t\t\t\t\t\t\t\t<\/div>\n\t\t\t\t<\/div>\n\t\t\t\t<\/div>\n\t\t\t\t\t<\/div>\n\t\t\t\t<\/div>\n\t\t<div class=\"elementor-element elementor-element-8a855d3 e-flex e-con-boxed e-con e-parent\" data-id=\"8a855d3\" data-element_type=\"container\" data-e-type=\"container\">\n\t\t\t\t\t<div class=\"e-con-inner\">\n\t\t<div class=\"elementor-element elementor-element-8e2fe28 e-con-full e-flex e-con e-child\" data-id=\"8e2fe28\" data-element_type=\"container\" data-e-type=\"container\">\n\t\t\t\t<div class=\"elementor-element elementor-element-32a301d elementor-widget elementor-widget-eael-adv-tabs\" data-id=\"32a301d\" data-element_type=\"widget\" data-e-type=\"widget\" data-widget_type=\"eael-adv-tabs.default\">\n\t\t\t\t<div class=\"elementor-widget-container\">\n\t\t\t\t\t        <div data-scroll-on-click=\"no\" data-scroll-speed=\"300\" id=\"eael-advance-tabs-32a301d\" class=\"eael-advance-tabs eael-tabs-horizontal eael-tab-auto-active \" data-tabid=\"32a301d\">\n            <div class=\"eael-tabs-nav \">\n                <ul class=\"eael-tab-inline-icon\" role=\"tablist\">\n                                            <li id=\"\" class=\"active-default eael-tab-item-trigger eael-tab-nav-item\" aria-selected=\"true\" data-tab=\"1\" role=\"tab\" tabindex=\"0\" aria-controls=\"-tab\" aria-expanded=\"false\">\n                            \n                                                                <img data-recalc-dims=\"1\" decoding=\"async\" src=\"https:\/\/i0.wp.com\/perfumesfactory.com\/do\/wp-content\/uploads\/2024\/04\/Banner-Dulce-Seduccion.jpg?ssl=1\" alt=\"\">\n                                                            \n                                                            <span class=\"eael-tab-title title-after-icon\" ><\/span>                            \n                                                    <\/li>\n                                            <li id=\"\" class=\"inactive eael-tab-item-trigger eael-tab-nav-item\" aria-selected=\"false\" data-tab=\"2\" role=\"tab\" tabindex=\"-1\" aria-controls=\"-tab\" aria-expanded=\"false\">\n                            \n                                                                <img data-recalc-dims=\"1\" decoding=\"async\" src=\"https:\/\/i0.wp.com\/perfumesfactory.com\/do\/wp-content\/uploads\/2024\/04\/Banner-Encantos-de-Pera.jpg?ssl=1\" alt=\"\">\n                                                            \n                                                            <span class=\"eael-tab-title title-after-icon\" ><\/span>                            \n                                                    <\/li>\n                    \n                                  <\/ul>\n            <\/div>\n            \n            <div class=\"eael-tabs-content\">\n\t\t        \n                    <div id=\"-tab\" class=\"clearfix eael-tab-content-item active-default\" data-title-link=\"-tab\">\n\t\t\t\t        <style>.elementor-235 .elementor-element.elementor-element-090a205{--display:flex;--flex-direction:row;--container-widget-width:initial;--container-widget-height:100%;--container-widget-flex-grow:1;--container-widget-align-self:stretch;--flex-wrap-mobile:wrap;--gap:0px 0px;--row-gap:0px;--column-gap:0px;--flex-wrap:wrap;}.elementor-235 .elementor-element.elementor-element-ccae945{--display:flex;--flex-direction:column;--container-widget-width:100%;--container-widget-height:initial;--container-widget-flex-grow:0;--container-widget-align-self:initial;--flex-wrap-mobile:wrap;}.elementor-widget-text-editor{font-family:var( --e-global-typography-text-font-family ), Sans-serif;font-weight:var( --e-global-typography-text-font-weight );color:var( --e-global-color-text );}.elementor-widget-text-editor.elementor-drop-cap-view-stacked .elementor-drop-cap{background-color:var( --e-global-color-primary );}.elementor-widget-text-editor.elementor-drop-cap-view-framed .elementor-drop-cap, .elementor-widget-text-editor.elementor-drop-cap-view-default .elementor-drop-cap{color:var( --e-global-color-primary );border-color:var( --e-global-color-primary );}.elementor-235 .elementor-element.elementor-element-f806131{text-align:center;font-family:\"Roboto\", Sans-serif;font-weight:500;color:#000000;}@media(min-width:768px){.elementor-235 .elementor-element.elementor-element-ccae945{--width:100%;}}<\/style>\t\t<div data-elementor-type=\"container\" data-elementor-id=\"235\" class=\"elementor elementor-235\" data-elementor-post-type=\"elementor_library\">\n\t\t\t\t<div class=\"elementor-element elementor-element-090a205 e-flex e-con-boxed e-con e-parent\" data-id=\"090a205\" data-element_type=\"container\" data-e-type=\"container\">\n\t\t\t\t\t<div class=\"e-con-inner\">\n\t\t<div class=\"elementor-element elementor-element-ccae945 e-con-full e-flex e-con e-child\" data-id=\"ccae945\" data-element_type=\"container\" data-e-type=\"container\">\n\t\t\t\t<div class=\"elementor-element elementor-element-f806131 elementor-widget elementor-widget-text-editor\" data-id=\"f806131\" data-element_type=\"widget\" data-e-type=\"widget\" data-widget_type=\"text-editor.default\">\n\t\t\t\t<div class=\"elementor-widget-container\">\n\t\t\t\t\t\t\t\t\t<p><span style=\"font-weight: 400;\">Las notas de salida tienen una impresi\u00f3n olfativa a flor de loto, adem\u00e1s de una sutil combinaci\u00f3n de frutas y notas verdes, generando una sensaci\u00f3n a tendencias frutales y florales.<\/span><\/p><p><span style=\"font-weight: 400;\">Atractiva para mujeres seductoras que les agrade los aromas frutales y florales, que tengan la capacidad de persuadir a cualquier persona con un simple gesto y que muestren una personalidad alegre y elocuente.<\/span><\/p>\t\t\t\t\t\t\t\t<\/div>\n\t\t\t\t<\/div>\n\t\t\t\t<\/div>\n\t\t\t\t\t<\/div>\n\t\t\t\t<\/div>\n\t\t\t\t<\/div>\n\t\t                    <\/div>\n\t\t        \n                    <div id=\"-tab\" class=\"clearfix eael-tab-content-item inactive\" data-title-link=\"-tab\">\n\t\t\t\t        <style>.elementor-222 .elementor-element.elementor-element-090a205{--display:flex;--flex-direction:row;--container-widget-width:initial;--container-widget-height:100%;--container-widget-flex-grow:1;--container-widget-align-self:stretch;--flex-wrap-mobile:wrap;--gap:0px 0px;--row-gap:0px;--column-gap:0px;--flex-wrap:wrap;}.elementor-222 .elementor-element.elementor-element-ccae945{--display:flex;--flex-direction:column;--container-widget-width:100%;--container-widget-height:initial;--container-widget-flex-grow:0;--container-widget-align-self:initial;--flex-wrap-mobile:wrap;}.elementor-widget-text-editor{font-family:var( --e-global-typography-text-font-family ), Sans-serif;font-weight:var( --e-global-typography-text-font-weight );color:var( --e-global-color-text );}.elementor-widget-text-editor.elementor-drop-cap-view-stacked .elementor-drop-cap{background-color:var( --e-global-color-primary );}.elementor-widget-text-editor.elementor-drop-cap-view-framed .elementor-drop-cap, .elementor-widget-text-editor.elementor-drop-cap-view-default .elementor-drop-cap{color:var( --e-global-color-primary );border-color:var( --e-global-color-primary );}.elementor-222 .elementor-element.elementor-element-f806131{text-align:center;font-family:\"Roboto\", Sans-serif;font-weight:500;color:#000000;}@media(min-width:768px){.elementor-222 .elementor-element.elementor-element-ccae945{--width:100%;}}<\/style>\t\t<div data-elementor-type=\"container\" data-elementor-id=\"222\" class=\"elementor elementor-222\" data-elementor-post-type=\"elementor_library\">\n\t\t\t\t<div class=\"elementor-element elementor-element-090a205 e-flex e-con-boxed e-con e-parent\" data-id=\"090a205\" data-element_type=\"container\" data-e-type=\"container\">\n\t\t\t\t\t<div class=\"e-con-inner\">\n\t\t<div class=\"elementor-element elementor-element-ccae945 e-con-full e-flex e-con e-child\" data-id=\"ccae945\" data-element_type=\"container\" data-e-type=\"container\">\n\t\t\t\t<div class=\"elementor-element elementor-element-f806131 elementor-widget elementor-widget-text-editor\" data-id=\"f806131\" data-element_type=\"widget\" data-e-type=\"widget\" data-widget_type=\"text-editor.default\">\n\t\t\t\t<div class=\"elementor-widget-container\">\n\t\t\t\t\t\t\t\t\t<p><span style=\"font-weight: 400;\">Las notas de salida tienen una impresi\u00f3n olfativa a pera y mel\u00f3n, adem\u00e1s de un ligero aroma a flores de violeta, lo cual genera una sensaci\u00f3n a tendencias florales y frutales.<\/span><\/p><p><span style=\"font-weight: 400;\">Perfecta para mujeres encantadoras que disfrutan de fragancias florales y frutales, que enfrentan el d\u00eda a d\u00eda con una actitud optimista; mostrando constantemente una personalidad extrovertida y retadora.<\/span><\/p>\t\t\t\t\t\t\t\t<\/div>\n\t\t\t\t<\/div>\n\t\t\t\t<\/div>\n\t\t\t\t\t<\/div>\n\t\t\t\t<\/div>\n\t\t\t\t<\/div>\n\t\t                    <\/div>\n\t\t                    <\/div>\n        <\/div>\n\t\t\t\t<\/div>\n\t\t\t\t<\/div>\n\t\t\t\t<\/div>\n\t\t\t\t\t<\/div>\n\t\t\t\t<\/div>\n\t\t<div class=\"elementor-element elementor-element-885686c e-flex e-con-boxed e-con e-parent\" data-id=\"885686c\" data-element_type=\"container\" data-e-type=\"container\">\n\t\t\t\t\t<div class=\"e-con-inner\">\n\t\t\t\t<div class=\"elementor-element elementor-element-9f1a6ed elementor-align-center elementor-widget elementor-widget-button\" data-id=\"9f1a6ed\" data-element_type=\"widget\" data-e-type=\"widget\" data-widget_type=\"button.default\">\n\t\t\t\t<div class=\"elementor-widget-container\">\n\t\t\t\t\t\t\t\t\t<div class=\"elementor-button-wrapper\">\n\t\t\t\t\t<a class=\"elementor-button elementor-button-link elementor-size-sm elementor-animation-grow\" href=\"#\">\n\t\t\t\t\t\t<span class=\"elementor-button-content-wrapper\">\n\t\t\t\t\t\t\t\t\t<span class=\"elementor-button-text\">Precio<\/span>\n\t\t\t\t\t<\/span>\n\t\t\t\t\t<\/a>\n\t\t\t\t<\/div>\n\t\t\t\t\t\t\t\t<\/div>\n\t\t\t\t<\/div>\n\t\t\t\t\t<\/div>\n\t\t\t\t<\/div>\n\t\t\t\t<\/div>\n\t\t","protected":false},"excerpt":{"rendered":"<p>Las notas de salida tienen una impresi\u00f3n olfativa a flor de loto, adem\u00e1s de una sutil combinaci\u00f3n de frutas y notas verdes, generando una sensaci\u00f3n a tendencias frutales y florales. Atractiva para mujeres seductoras que les agrade los aromas frutales y florales, que tengan la capacidad de persuadir a cualquier persona con un simple gesto [&hellip;]<\/p>\n","protected":false},"author":1,"featured_media":0,"parent":0,"menu_order":0,"comment_status":"closed","ping_status":"closed","template":"","meta":{"nf_dc_page":"","_eb_attr":"","om_disable_all_campaigns":false,"footnotes":""},"class_list":["post-214","page","type-page","status-publish","hentry"],"jetpack_sharing_enabled":true,"_links":{"self":[{"href":"https:\/\/perfumesfactory.com\/do\/wp-json\/wp\/v2\/pages\/214","targetHints":{"allow":["GET"]}}],"collection":[{"href":"https:\/\/perfumesfactory.com\/do\/wp-json\/wp\/v2\/pages"}],"about":[{"href":"https:\/\/perfumesfactory.com\/do\/wp-json\/wp\/v2\/types\/page"}],"author":[{"embeddable":true,"href":"https:\/\/perfumesfactory.com\/do\/wp-json\/wp\/v2\/users\/1"}],"replies":[{"embeddable":true,"href":"https:\/\/perfumesfactory.com\/do\/wp-json\/wp\/v2\/comments?post=214"}],"version-history":[{"count":5,"href":"https:\/\/perfumesfactory.com\/do\/wp-json\/wp\/v2\/pages\/214\/revisions"}],"predecessor-version":[{"id":985,"href":"https:\/\/perfumesfactory.com\/do\/wp-json\/wp\/v2\/pages\/214\/revisions\/985"}],"wp:attachment":[{"href":"https:\/\/perfumesfactory.com\/do\/wp-json\/wp\/v2\/media?parent=214"}],"curies":[{"name":"wp","href":"https:\/\/api.w.org\/{rel}","templated":true}]}}