{"id":295,"date":"2023-07-12T08:13:00","date_gmt":"2023-07-12T12:13:00","guid":{"rendered":"https:\/\/perfumesfactory.com\/do\/?page_id=295"},"modified":"2026-02-19T10:15:11","modified_gmt":"2026-02-19T14:15:11","slug":"empresa-2","status":"publish","type":"page","link":"https:\/\/perfumesfactory.com\/do\/empresa-2\/","title":{"rendered":"Empresa"},"content":{"rendered":"\t\t<div data-elementor-type=\"wp-page\" data-elementor-id=\"295\" class=\"elementor elementor-295\" data-elementor-post-type=\"page\">\n\t\t\t\t<div class=\"elementor-element elementor-element-bd9f5e3 e-flex e-con-boxed e-con e-parent\" data-id=\"bd9f5e3\" data-element_type=\"container\" data-e-type=\"container\">\n\t\t\t\t\t<div class=\"e-con-inner\">\n\t\t<div class=\"elementor-element elementor-element-1889b54 e-con-full e-flex e-con e-child\" data-id=\"1889b54\" data-element_type=\"container\" data-e-type=\"container\">\n\t\t\t\t<div class=\"elementor-element elementor-element-a163d3f elementor-widget elementor-widget-image\" data-id=\"a163d3f\" data-element_type=\"widget\" data-e-type=\"widget\" data-widget_type=\"image.default\">\n\t\t\t\t<div class=\"elementor-widget-container\">\n\t\t\t\t\t\t\t\t\t\t\t\t\t\t\t<img fetchpriority=\"high\" decoding=\"async\" width=\"223\" height=\"453\" src=\"https:\/\/i0.wp.com\/perfumesfactory.com\/do\/wp-content\/uploads\/2023\/07\/empresa.png?fit=223%2C453&amp;ssl=1\" class=\"attachment-full size-full wp-image-598\" alt=\"\" srcset=\"https:\/\/i0.wp.com\/perfumesfactory.com\/do\/wp-content\/uploads\/2023\/07\/empresa.png?w=223&amp;ssl=1 223w, https:\/\/i0.wp.com\/perfumesfactory.com\/do\/wp-content\/uploads\/2023\/07\/empresa.png?resize=148%2C300&amp;ssl=1 148w\" sizes=\"(max-width: 223px) 100vw, 223px\" \/>\t\t\t\t\t\t\t\t\t\t\t\t\t\t\t<\/div>\n\t\t\t\t<\/div>\n\t\t\t\t<\/div>\n\t\t<div class=\"elementor-element elementor-element-f6aa58a e-con-full e-flex e-con e-child\" data-id=\"f6aa58a\" data-element_type=\"container\" data-e-type=\"container\">\n\t\t\t\t<div class=\"elementor-element elementor-element-350cbde elementor-widget elementor-widget-text-editor\" data-id=\"350cbde\" data-element_type=\"widget\" data-e-type=\"widget\" data-widget_type=\"text-editor.default\">\n\t\t\t\t<div class=\"elementor-widget-container\">\n\t\t\t\t\t\t\t\t\t<h3>Qui\u00e9nes somos<\/h3><p>Somos una franquicia internacional, con un innovador concepto, pionero y \u00fanico en su estilo enfocado principalmente en complacer las necesidades del consumidor, ofreci\u00e9ndole perfumes con estilo y calidad que vayan a tono con su dinamismo y forma de vida, adapt\u00e1ndose a sus exigencias.<\/p><p>En la actualidad, Perfumes Factory cuenta con m\u00e1s de 300 franquicias en los siguientes pa\u00edses: Venezuela, Colombia, Panam\u00e1, Rep\u00fablica Dominica, Per\u00fa y Ecuador.<\/p><p>Su crecimiento se debe a la excelencia de los productos, los cuales tienen el sello de exclusividad de la compa\u00f1\u00eda. Es as\u00ed, como Perfumes Factory se incorpora a la cotidianidad de nuestros usuarios. La compa\u00f1\u00eda trabaja d\u00eda a d\u00eda arduamente para brindarle los mejores productos en la rama de cuidado personal.<\/p><p><b>Nuestra Visi\u00f3n<\/b><\/p><p>Ser y ser reconocidos como la mejor alternativa de perfumer\u00eda en todo el pa\u00eds.<\/p><p><b>Nuestra Misi\u00f3n<\/b><\/p><p>Alcanzar todos los hogares dominicanos ofreciendo productos de perfumer\u00eda de la m\u00e1s alta calidad del mercado.<\/p>\t\t\t\t\t\t\t\t<\/div>\n\t\t\t\t<\/div>\n\t\t\t\t<\/div>\n\t\t\t\t\t<\/div>\n\t\t\t\t<\/div>\n\t\t\t\t<\/div>\n\t\t","protected":false},"excerpt":{"rendered":"<p>Qui\u00e9nes somos Somos una franquicia internacional, con un innovador concepto, pionero y \u00fanico en su estilo enfocado principalmente en complacer las necesidades del consumidor, ofreci\u00e9ndole perfumes con estilo y calidad que vayan a tono con su dinamismo y forma de vida, adapt\u00e1ndose a sus exigencias. En la actualidad, Perfumes Factory cuenta con m\u00e1s de 300 [&hellip;]<\/p>\n","protected":false},"author":1,"featured_media":0,"parent":0,"menu_order":0,"comment_status":"closed","ping_status":"closed","template":"","meta":{"nf_dc_page":"","_eb_attr":"","om_disable_all_campaigns":false,"footnotes":""},"class_list":["post-295","page","type-page","status-publish","hentry"],"jetpack_sharing_enabled":true,"_links":{"self":[{"href":"https:\/\/perfumesfactory.com\/do\/wp-json\/wp\/v2\/pages\/295","targetHints":{"allow":["GET"]}}],"collection":[{"href":"https:\/\/perfumesfactory.com\/do\/wp-json\/wp\/v2\/pages"}],"about":[{"href":"https:\/\/perfumesfactory.com\/do\/wp-json\/wp\/v2\/types\/page"}],"author":[{"embeddable":true,"href":"https:\/\/perfumesfactory.com\/do\/wp-json\/wp\/v2\/users\/1"}],"replies":[{"embeddable":true,"href":"https:\/\/perfumesfactory.com\/do\/wp-json\/wp\/v2\/comments?post=295"}],"version-history":[{"count":8,"href":"https:\/\/perfumesfactory.com\/do\/wp-json\/wp\/v2\/pages\/295\/revisions"}],"predecessor-version":[{"id":1482,"href":"https:\/\/perfumesfactory.com\/do\/wp-json\/wp\/v2\/pages\/295\/revisions\/1482"}],"wp:attachment":[{"href":"https:\/\/perfumesfactory.com\/do\/wp-json\/wp\/v2\/media?parent=295"}],"curies":[{"name":"wp","href":"https:\/\/api.w.org\/{rel}","templated":true}]}}