{"id":986,"date":"2024-04-05T15:56:09","date_gmt":"2024-04-05T19:56:09","guid":{"rendered":"https:\/\/perfumesfactory.com\/do\/?page_id=986"},"modified":"2024-04-05T16:05:20","modified_gmt":"2024-04-05T20:05:20","slug":"linea-kids","status":"publish","type":"page","link":"https:\/\/perfumesfactory.com\/do\/linea-kids\/","title":{"rendered":"Linea_Kids"},"content":{"rendered":"\t\t<div data-elementor-type=\"wp-page\" data-elementor-id=\"986\" class=\"elementor elementor-986\" data-elementor-post-type=\"page\">\n\t\t\t\t<div class=\"elementor-element elementor-element-c7d4481 e-flex e-con-boxed e-con e-parent\" data-id=\"c7d4481\" data-element_type=\"container\" data-e-type=\"container\">\n\t\t\t\t\t<div class=\"e-con-inner\">\n\t\t<div class=\"elementor-element elementor-element-83b9b21 e-con-full e-flex e-con e-child\" data-id=\"83b9b21\" data-element_type=\"container\" data-e-type=\"container\">\n\t\t\t\t<div class=\"elementor-element elementor-element-3cda2ef elementor-widget elementor-widget-image\" data-id=\"3cda2ef\" data-element_type=\"widget\" data-e-type=\"widget\" data-widget_type=\"image.default\">\n\t\t\t\t<div class=\"elementor-widget-container\">\n\t\t\t\t\t\t\t\t\t\t\t\t\t\t\t<img fetchpriority=\"high\" decoding=\"async\" width=\"1024\" height=\"280\" src=\"https:\/\/i0.wp.com\/perfumesfactory.com\/do\/wp-content\/uploads\/2024\/04\/BANNERS-GENERALESMesa-de-trabajo-1-copia-6.jpg?fit=1024%2C280&amp;ssl=1\" class=\"attachment-large size-large wp-image-988\" alt=\"\" srcset=\"https:\/\/i0.wp.com\/perfumesfactory.com\/do\/wp-content\/uploads\/2024\/04\/BANNERS-GENERALESMesa-de-trabajo-1-copia-6.jpg?w=2048&amp;ssl=1 2048w, https:\/\/i0.wp.com\/perfumesfactory.com\/do\/wp-content\/uploads\/2024\/04\/BANNERS-GENERALESMesa-de-trabajo-1-copia-6.jpg?resize=300%2C82&amp;ssl=1 300w, https:\/\/i0.wp.com\/perfumesfactory.com\/do\/wp-content\/uploads\/2024\/04\/BANNERS-GENERALESMesa-de-trabajo-1-copia-6.jpg?resize=1024%2C280&amp;ssl=1 1024w, https:\/\/i0.wp.com\/perfumesfactory.com\/do\/wp-content\/uploads\/2024\/04\/BANNERS-GENERALESMesa-de-trabajo-1-copia-6.jpg?resize=768%2C210&amp;ssl=1 768w, https:\/\/i0.wp.com\/perfumesfactory.com\/do\/wp-content\/uploads\/2024\/04\/BANNERS-GENERALESMesa-de-trabajo-1-copia-6.jpg?resize=1536%2C420&amp;ssl=1 1536w\" sizes=\"(max-width: 1000px) 100vw, 1000px\" \/>\t\t\t\t\t\t\t\t\t\t\t\t\t\t\t<\/div>\n\t\t\t\t<\/div>\n\t\t\t\t<\/div>\n\t\t\t\t\t<\/div>\n\t\t\t\t<\/div>\n\t\t<div class=\"elementor-element elementor-element-8a855d3 e-flex e-con-boxed e-con e-parent\" data-id=\"8a855d3\" data-element_type=\"container\" data-e-type=\"container\">\n\t\t\t\t\t<div class=\"e-con-inner\">\n\t\t<div class=\"elementor-element elementor-element-8e2fe28 e-con-full e-flex e-con e-child\" data-id=\"8e2fe28\" data-element_type=\"container\" data-e-type=\"container\">\n\t\t\t\t<div class=\"elementor-element elementor-element-32a301d elementor-widget elementor-widget-eael-adv-tabs\" data-id=\"32a301d\" data-element_type=\"widget\" data-e-type=\"widget\" data-widget_type=\"eael-adv-tabs.default\">\n\t\t\t\t<div class=\"elementor-widget-container\">\n\t\t\t\t\t        <div data-scroll-on-click=\"no\" data-scroll-speed=\"300\" id=\"eael-advance-tabs-32a301d\" class=\"eael-advance-tabs eael-tabs-horizontal eael-tab-auto-active \" data-tabid=\"32a301d\">\n            <div class=\"eael-tabs-nav \">\n                <ul class=\"eael-tab-inline-icon\" role=\"tablist\">\n                                            <li id=\"\" class=\"active-default eael-tab-item-trigger eael-tab-nav-item\" aria-selected=\"true\" data-tab=\"1\" role=\"tab\" tabindex=\"0\" aria-controls=\"-tab\" aria-expanded=\"false\">\n                            \n                                                                <img data-recalc-dims=\"1\" decoding=\"async\" src=\"https:\/\/i0.wp.com\/perfumesfactory.com\/do\/wp-content\/uploads\/2024\/04\/LINEAS-EXCLUSIVASMesa-de-trabajo-1-copia-14.jpg?ssl=1\" alt=\"\">\n                                                            \n                                                            <span class=\"eael-tab-title title-after-icon\" ><\/span>                            \n                                                    <\/li>\n                                            <li id=\"\" class=\"active-default eael-tab-item-trigger eael-tab-nav-item\" aria-selected=\"false\" data-tab=\"2\" role=\"tab\" tabindex=\"-1\" aria-controls=\"-tab\" aria-expanded=\"false\">\n                            \n                                                                <img data-recalc-dims=\"1\" decoding=\"async\" src=\"https:\/\/i0.wp.com\/perfumesfactory.com\/do\/wp-content\/uploads\/2024\/04\/LINEAS-EXCLUSIVASMesa-de-trabajo-1-copia-2-1.jpg?ssl=1\" alt=\"\">\n                                                            \n                                                            <span class=\"eael-tab-title title-after-icon\" ><\/span>                            \n                                                    <\/li>\n                                            <li id=\"\" class=\"active-default eael-tab-item-trigger eael-tab-nav-item\" aria-selected=\"false\" data-tab=\"3\" role=\"tab\" tabindex=\"-1\" aria-controls=\"-tab\" aria-expanded=\"false\">\n                            \n                                                                <img data-recalc-dims=\"1\" decoding=\"async\" src=\"https:\/\/i0.wp.com\/perfumesfactory.com\/do\/wp-content\/uploads\/2024\/04\/LINEAS-EXCLUSIVASMesa-de-trabajo-1-copia-7.jpg?ssl=1\" alt=\"\">\n                                                            \n                                                            <span class=\"eael-tab-title title-after-icon\" ><\/span>                            \n                                                    <\/li>\n                                            <li id=\"\" class=\"active-default eael-tab-item-trigger eael-tab-nav-item\" aria-selected=\"false\" data-tab=\"4\" role=\"tab\" tabindex=\"-1\" aria-controls=\"-tab\" aria-expanded=\"false\">\n                            \n                                                                <img data-recalc-dims=\"1\" decoding=\"async\" src=\"https:\/\/i0.wp.com\/perfumesfactory.com\/do\/wp-content\/uploads\/2024\/04\/LINEAS-EXCLUSIVASMesa-de-trabajo-1-copia-10.jpg?ssl=1\" alt=\"\">\n                                                            \n                                                            <span class=\"eael-tab-title title-after-icon\" ><\/span>                            \n                                                    <\/li>\n                                            <li id=\"\" class=\"active-default eael-tab-item-trigger eael-tab-nav-item\" aria-selected=\"false\" data-tab=\"5\" role=\"tab\" tabindex=\"-1\" aria-controls=\"-tab\" aria-expanded=\"false\">\n                            \n                                                                <img data-recalc-dims=\"1\" decoding=\"async\" src=\"https:\/\/i0.wp.com\/perfumesfactory.com\/do\/wp-content\/uploads\/2024\/04\/LINEAS-EXCLUSIVASMesa-de-trabajo-1-copia-8.jpg?ssl=1\" alt=\"\">\n                                                            \n                                                            <span class=\"eael-tab-title title-after-icon\" ><\/span>                            \n                                                    <\/li>\n                                            <li id=\"\" class=\"active-default eael-tab-item-trigger eael-tab-nav-item\" aria-selected=\"false\" data-tab=\"6\" role=\"tab\" tabindex=\"-1\" aria-controls=\"-tab\" aria-expanded=\"false\">\n                            \n                                                                <img data-recalc-dims=\"1\" decoding=\"async\" src=\"https:\/\/i0.wp.com\/perfumesfactory.com\/do\/wp-content\/uploads\/2024\/04\/LINEAS-EXCLUSIVASMesa-de-trabajo-1-copia-3-1.jpg?ssl=1\" alt=\"\">\n                                                            \n                                                            <span class=\"eael-tab-title title-after-icon\" ><\/span>                            \n                                                    <\/li>\n                    \n                                  <\/ul>\n            <\/div>\n            \n            <div class=\"eael-tabs-content\">\n\t\t        \n                    <div id=\"-tab\" class=\"clearfix eael-tab-content-item active-default\" data-title-link=\"-tab\">\n\t\t\t\t        <style>.elementor-1005 .elementor-element.elementor-element-91be818{--display:flex;}.elementor-widget-text-editor{font-family:var( --e-global-typography-text-font-family ), Sans-serif;font-weight:var( --e-global-typography-text-font-weight );color:var( --e-global-color-text );}.elementor-widget-text-editor.elementor-drop-cap-view-stacked .elementor-drop-cap{background-color:var( --e-global-color-primary );}.elementor-widget-text-editor.elementor-drop-cap-view-framed .elementor-drop-cap, .elementor-widget-text-editor.elementor-drop-cap-view-default .elementor-drop-cap{color:var( --e-global-color-primary );border-color:var( --e-global-color-primary );}<\/style>\t\t<div data-elementor-type=\"container\" data-elementor-id=\"1005\" class=\"elementor elementor-1005\" data-elementor-post-type=\"elementor_library\">\n\t\t\t\t<div class=\"elementor-element elementor-element-91be818 e-flex e-con-boxed e-con e-parent\" data-id=\"91be818\" data-element_type=\"container\" data-e-type=\"container\">\n\t\t\t\t\t<div class=\"e-con-inner\">\n\t\t\t\t<div class=\"elementor-element elementor-element-472b7d1 elementor-widget elementor-widget-text-editor\" data-id=\"472b7d1\" data-element_type=\"widget\" data-e-type=\"widget\" data-widget_type=\"text-editor.default\">\n\t\t\t\t<div class=\"elementor-widget-container\">\n\t\t\t\t\t\t\t\t\t<p><span style=\"font-weight: 400;\">Perfecto para ni\u00f1as extrovertidas que disfruten los aromas dulces, florales y frutales.\u00a0 Que muestran una personalidad extrovertida, carism\u00e1tica y sociable. Les encanta la m\u00fasica y los conciertos.<\/span><\/p>\t\t\t\t\t\t\t\t<\/div>\n\t\t\t\t<\/div>\n\t\t\t\t\t<\/div>\n\t\t\t\t<\/div>\n\t\t\t\t<\/div>\n\t\t                    <\/div>\n\t\t        \n                    <div id=\"-tab\" class=\"clearfix eael-tab-content-item active-default\" data-title-link=\"-tab\">\n\t\t\t\t        <style>.elementor-999 .elementor-element.elementor-element-e79d801{--display:flex;}.elementor-widget-text-editor{font-family:var( --e-global-typography-text-font-family ), Sans-serif;font-weight:var( --e-global-typography-text-font-weight );color:var( --e-global-color-text );}.elementor-widget-text-editor.elementor-drop-cap-view-stacked .elementor-drop-cap{background-color:var( --e-global-color-primary );}.elementor-widget-text-editor.elementor-drop-cap-view-framed .elementor-drop-cap, .elementor-widget-text-editor.elementor-drop-cap-view-default .elementor-drop-cap{color:var( --e-global-color-primary );border-color:var( --e-global-color-primary );}<\/style>\t\t<div data-elementor-type=\"container\" data-elementor-id=\"999\" class=\"elementor elementor-999\" data-elementor-post-type=\"elementor_library\">\n\t\t\t\t<div class=\"elementor-element elementor-element-e79d801 e-flex e-con-boxed e-con e-parent\" data-id=\"e79d801\" data-element_type=\"container\" data-e-type=\"container\">\n\t\t\t\t\t<div class=\"e-con-inner\">\n\t\t\t\t<div class=\"elementor-element elementor-element-6d5ce26 elementor-widget elementor-widget-text-editor\" data-id=\"6d5ce26\" data-element_type=\"widget\" data-e-type=\"widget\" data-widget_type=\"text-editor.default\">\n\t\t\t\t<div class=\"elementor-widget-container\">\n\t\t\t\t\t\t\t\t\t<p><span style=\"font-weight: 400;\">Maravilloso para ni\u00f1as din\u00e1micas y animadas, que les gusten los aromas dulces y frutales, sean imaginativas y con vocaci\u00f3n de expresar diferentes ritmos a trav\u00e9s del baile, disfrutan el escuchar diferentes g\u00e9neros musicales y canciones mientras realizan sus actividades diarias.\u00a0 <\/span><\/p>\t\t\t\t\t\t\t\t<\/div>\n\t\t\t\t<\/div>\n\t\t\t\t\t<\/div>\n\t\t\t\t<\/div>\n\t\t\t\t<\/div>\n\t\t                    <\/div>\n\t\t        \n                    <div id=\"-tab\" class=\"clearfix eael-tab-content-item active-default\" data-title-link=\"-tab\">\n\t\t\t\t        <style>.elementor-1002 .elementor-element.elementor-element-4e2d7f5{--display:flex;}.elementor-widget-text-editor{font-family:var( --e-global-typography-text-font-family ), Sans-serif;font-weight:var( --e-global-typography-text-font-weight );color:var( --e-global-color-text );}.elementor-widget-text-editor.elementor-drop-cap-view-stacked .elementor-drop-cap{background-color:var( --e-global-color-primary );}.elementor-widget-text-editor.elementor-drop-cap-view-framed .elementor-drop-cap, .elementor-widget-text-editor.elementor-drop-cap-view-default .elementor-drop-cap{color:var( --e-global-color-primary );border-color:var( --e-global-color-primary );}<\/style>\t\t<div data-elementor-type=\"container\" data-elementor-id=\"1002\" class=\"elementor elementor-1002\" data-elementor-post-type=\"elementor_library\">\n\t\t\t\t<div class=\"elementor-element elementor-element-4e2d7f5 e-flex e-con-boxed e-con e-parent\" data-id=\"4e2d7f5\" data-element_type=\"container\" data-e-type=\"container\">\n\t\t\t\t\t<div class=\"e-con-inner\">\n\t\t\t\t<div class=\"elementor-element elementor-element-1664e43 elementor-widget elementor-widget-text-editor\" data-id=\"1664e43\" data-element_type=\"widget\" data-e-type=\"widget\" data-widget_type=\"text-editor.default\">\n\t\t\t\t<div class=\"elementor-widget-container\">\n\t\t\t\t\t\t\t\t\t<p><span style=\"font-weight: 400;\">Grandioso para ni\u00f1as din\u00e1micas, que prefieren las fragancias frutales, le gusten los deportes, desean cumplir sus metas, se esfuerzan por mejorar sus habilidades y t\u00e9cnicas de ejercicios para vencer retos y superar las dificultades.<\/span><\/p>\t\t\t\t\t\t\t\t<\/div>\n\t\t\t\t<\/div>\n\t\t\t\t\t<\/div>\n\t\t\t\t<\/div>\n\t\t\t\t<\/div>\n\t\t                    <\/div>\n\t\t        \n                    <div id=\"-tab\" class=\"clearfix eael-tab-content-item active-default\" data-title-link=\"-tab\">\n\t\t\t\t        <style>.elementor-993 .elementor-element.elementor-element-a87c59b{--display:flex;}.elementor-widget-text-editor{font-family:var( --e-global-typography-text-font-family ), Sans-serif;font-weight:var( --e-global-typography-text-font-weight );color:var( --e-global-color-text );}.elementor-widget-text-editor.elementor-drop-cap-view-stacked .elementor-drop-cap{background-color:var( --e-global-color-primary );}.elementor-widget-text-editor.elementor-drop-cap-view-framed .elementor-drop-cap, .elementor-widget-text-editor.elementor-drop-cap-view-default .elementor-drop-cap{color:var( --e-global-color-primary );border-color:var( --e-global-color-primary );}<\/style>\t\t<div data-elementor-type=\"container\" data-elementor-id=\"993\" class=\"elementor elementor-993\" data-elementor-post-type=\"elementor_library\">\n\t\t\t\t<div class=\"elementor-element elementor-element-a87c59b e-flex e-con-boxed e-con e-parent\" data-id=\"a87c59b\" data-element_type=\"container\" data-e-type=\"container\">\n\t\t\t\t\t<div class=\"e-con-inner\">\n\t\t\t\t<div class=\"elementor-element elementor-element-db51965 elementor-widget elementor-widget-text-editor\" data-id=\"db51965\" data-element_type=\"widget\" data-e-type=\"widget\" data-widget_type=\"text-editor.default\">\n\t\t\t\t<div class=\"elementor-widget-container\">\n\t\t\t\t\t\t\t\t\t<p><span style=\"font-weight: 400;\">Estupendo para ni\u00f1os que prefieren los aromas c\u00edtricos, muestran una personalidad extrovertida y s\u00faper activa, disfrutan escuchar m\u00fasica y se atrevan a animar las fiestas de sus amigos.<\/span><\/p>\t\t\t\t\t\t\t\t<\/div>\n\t\t\t\t<\/div>\n\t\t\t\t\t<\/div>\n\t\t\t\t<\/div>\n\t\t\t\t<\/div>\n\t\t                    <\/div>\n\t\t        \n                    <div id=\"-tab\" class=\"clearfix eael-tab-content-item active-default\" data-title-link=\"-tab\">\n\t\t\t\t        <style>.elementor-989 .elementor-element.elementor-element-df69494{--display:flex;}.elementor-widget-text-editor{font-family:var( --e-global-typography-text-font-family ), Sans-serif;font-weight:var( --e-global-typography-text-font-weight );color:var( --e-global-color-text );}.elementor-widget-text-editor.elementor-drop-cap-view-stacked .elementor-drop-cap{background-color:var( --e-global-color-primary );}.elementor-widget-text-editor.elementor-drop-cap-view-framed .elementor-drop-cap, .elementor-widget-text-editor.elementor-drop-cap-view-default .elementor-drop-cap{color:var( --e-global-color-primary );border-color:var( --e-global-color-primary );}.elementor-989 .elementor-element.elementor-element-6c0c6df{text-align:center;}<\/style>\t\t<div data-elementor-type=\"container\" data-elementor-id=\"989\" class=\"elementor elementor-989\" data-elementor-post-type=\"elementor_library\">\n\t\t\t\t<div class=\"elementor-element elementor-element-df69494 e-flex e-con-boxed e-con e-parent\" data-id=\"df69494\" data-element_type=\"container\" data-e-type=\"container\">\n\t\t\t\t\t<div class=\"e-con-inner\">\n\t\t\t\t<div class=\"elementor-element elementor-element-6c0c6df elementor-widget elementor-widget-text-editor\" data-id=\"6c0c6df\" data-element_type=\"widget\" data-e-type=\"widget\" data-widget_type=\"text-editor.default\">\n\t\t\t\t<div class=\"elementor-widget-container\">\n\t\t\t\t\t\t\t\t\t<p><span style=\"font-weight: 400;\">Excelente para ni\u00f1os aventureros, que prefieren las fragancias frutales, desean sentir adrenalina practicando deportes originales y creativos como actividad recreativa.<\/span><\/p>\t\t\t\t\t\t\t\t<\/div>\n\t\t\t\t<\/div>\n\t\t\t\t\t<\/div>\n\t\t\t\t<\/div>\n\t\t\t\t<\/div>\n\t\t                    <\/div>\n\t\t        \n                    <div id=\"-tab\" class=\"clearfix eael-tab-content-item active-default\" data-title-link=\"-tab\">\n\t\t\t\t        <style>.elementor-996 .elementor-element.elementor-element-e4cd52b{--display:flex;}.elementor-widget-text-editor{font-family:var( --e-global-typography-text-font-family ), Sans-serif;font-weight:var( --e-global-typography-text-font-weight );color:var( --e-global-color-text );}.elementor-widget-text-editor.elementor-drop-cap-view-stacked .elementor-drop-cap{background-color:var( --e-global-color-primary );}.elementor-widget-text-editor.elementor-drop-cap-view-framed .elementor-drop-cap, .elementor-widget-text-editor.elementor-drop-cap-view-default .elementor-drop-cap{color:var( --e-global-color-primary );border-color:var( --e-global-color-primary );}<\/style>\t\t<div data-elementor-type=\"container\" data-elementor-id=\"996\" class=\"elementor elementor-996\" data-elementor-post-type=\"elementor_library\">\n\t\t\t\t<div class=\"elementor-element elementor-element-e4cd52b e-flex e-con-boxed e-con e-parent\" data-id=\"e4cd52b\" data-element_type=\"container\" data-e-type=\"container\">\n\t\t\t\t\t<div class=\"e-con-inner\">\n\t\t\t\t<div class=\"elementor-element elementor-element-ab5de0d elementor-widget elementor-widget-text-editor\" data-id=\"ab5de0d\" data-element_type=\"widget\" data-e-type=\"widget\" data-widget_type=\"text-editor.default\">\n\t\t\t\t<div class=\"elementor-widget-container\">\n\t\t\t\t\t\t\t\t\t<p><span style=\"font-weight: 400;\">Ideal para ni\u00f1os creativos que les gusten las fragancias c\u00edtricas y frescas, que logren captar la atenci\u00f3n de sus amigos y aporten ideas originales para comunicar mensajes de manera innovadora.<\/span><\/p>\t\t\t\t\t\t\t\t<\/div>\n\t\t\t\t<\/div>\n\t\t\t\t\t<\/div>\n\t\t\t\t<\/div>\n\t\t\t\t<\/div>\n\t\t                    <\/div>\n\t\t                    <\/div>\n        <\/div>\n\t\t\t\t<\/div>\n\t\t\t\t<\/div>\n\t\t\t\t<\/div>\n\t\t\t\t\t<\/div>\n\t\t\t\t<\/div>\n\t\t<div class=\"elementor-element elementor-element-885686c e-flex e-con-boxed e-con e-parent\" data-id=\"885686c\" data-element_type=\"container\" data-e-type=\"container\">\n\t\t\t\t\t<div class=\"e-con-inner\">\n\t\t\t\t<div class=\"elementor-element elementor-element-9f1a6ed elementor-align-center elementor-widget elementor-widget-button\" data-id=\"9f1a6ed\" data-element_type=\"widget\" data-e-type=\"widget\" data-widget_type=\"button.default\">\n\t\t\t\t<div class=\"elementor-widget-container\">\n\t\t\t\t\t\t\t\t\t<div class=\"elementor-button-wrapper\">\n\t\t\t\t\t<a class=\"elementor-button elementor-button-link elementor-size-sm elementor-animation-grow\" href=\"#\">\n\t\t\t\t\t\t<span class=\"elementor-button-content-wrapper\">\n\t\t\t\t\t\t\t\t\t<span class=\"elementor-button-text\">Precio<\/span>\n\t\t\t\t\t<\/span>\n\t\t\t\t\t<\/a>\n\t\t\t\t<\/div>\n\t\t\t\t\t\t\t\t<\/div>\n\t\t\t\t<\/div>\n\t\t\t\t\t<\/div>\n\t\t\t\t<\/div>\n\t\t\t\t<\/div>\n\t\t","protected":false},"excerpt":{"rendered":"<p>Perfecto para ni\u00f1as extrovertidas que disfruten los aromas dulces, florales y frutales.\u00a0 Que muestran una personalidad extrovertida, carism\u00e1tica y sociable. Les encanta la m\u00fasica y los conciertos. Maravilloso para ni\u00f1as din\u00e1micas y animadas, que les gusten los aromas dulces y frutales, sean imaginativas y con vocaci\u00f3n de expresar diferentes ritmos a trav\u00e9s del baile, disfrutan [&hellip;]<\/p>\n","protected":false},"author":2,"featured_media":0,"parent":0,"menu_order":0,"comment_status":"closed","ping_status":"closed","template":"","meta":{"nf_dc_page":"","_eb_attr":"","om_disable_all_campaigns":false,"footnotes":""},"class_list":["post-986","page","type-page","status-publish","hentry"],"jetpack_sharing_enabled":true,"_links":{"self":[{"href":"https:\/\/perfumesfactory.com\/do\/wp-json\/wp\/v2\/pages\/986","targetHints":{"allow":["GET"]}}],"collection":[{"href":"https:\/\/perfumesfactory.com\/do\/wp-json\/wp\/v2\/pages"}],"about":[{"href":"https:\/\/perfumesfactory.com\/do\/wp-json\/wp\/v2\/types\/page"}],"author":[{"embeddable":true,"href":"https:\/\/perfumesfactory.com\/do\/wp-json\/wp\/v2\/users\/2"}],"replies":[{"embeddable":true,"href":"https:\/\/perfumesfactory.com\/do\/wp-json\/wp\/v2\/comments?post=986"}],"version-history":[{"count":4,"href":"https:\/\/perfumesfactory.com\/do\/wp-json\/wp\/v2\/pages\/986\/revisions"}],"predecessor-version":[{"id":1016,"href":"https:\/\/perfumesfactory.com\/do\/wp-json\/wp\/v2\/pages\/986\/revisions\/1016"}],"wp:attachment":[{"href":"https:\/\/perfumesfactory.com\/do\/wp-json\/wp\/v2\/media?parent=986"}],"curies":[{"name":"wp","href":"https:\/\/api.w.org\/{rel}","templated":true}]}}