{"id":246,"date":"2023-07-11T14:34:29","date_gmt":"2023-07-11T18:34:29","guid":{"rendered":"https:\/\/perfumesfactory.com\/pe\/?page_id=246"},"modified":"2023-07-17T11:40:30","modified_gmt":"2023-07-17T15:40:30","slug":"crema","status":"publish","type":"page","link":"https:\/\/perfumesfactory.com\/pe\/crema\/","title":{"rendered":"crema"},"content":{"rendered":"\t\t<div data-elementor-type=\"wp-page\" data-elementor-id=\"246\" class=\"elementor elementor-246\" data-elementor-post-type=\"page\">\n\t\t\t\t<div class=\"elementor-element elementor-element-7292f68 e-flex e-con-boxed e-con e-parent\" data-id=\"7292f68\" data-element_type=\"container\" data-e-type=\"container\">\n\t\t\t\t\t<div class=\"e-con-inner\">\n\t\t<div class=\"elementor-element elementor-element-bfd0571 e-con-full e-flex e-con e-child\" data-id=\"bfd0571\" data-element_type=\"container\" data-e-type=\"container\">\n\t\t\t\t<div class=\"elementor-element elementor-element-cd6dcc0 elementor-widget elementor-widget-image\" data-id=\"cd6dcc0\" data-element_type=\"widget\" data-e-type=\"widget\" data-widget_type=\"image.default\">\n\t\t\t\t<div class=\"elementor-widget-container\">\n\t\t\t\t\t\t\t\t\t\t\t\t\t\t\t<img fetchpriority=\"high\" decoding=\"async\" width=\"1700\" height=\"500\" src=\"https:\/\/i0.wp.com\/perfumesfactory.com\/pe\/wp-content\/uploads\/2023\/07\/BANNER-perCREMA-PARA-.jpg?fit=1700%2C500&amp;ssl=1\" class=\"attachment-full size-full wp-image-568\" alt=\"\" srcset=\"https:\/\/i0.wp.com\/perfumesfactory.com\/pe\/wp-content\/uploads\/2023\/07\/BANNER-perCREMA-PARA-.jpg?w=1700&amp;ssl=1 1700w, https:\/\/i0.wp.com\/perfumesfactory.com\/pe\/wp-content\/uploads\/2023\/07\/BANNER-perCREMA-PARA-.jpg?resize=300%2C88&amp;ssl=1 300w, https:\/\/i0.wp.com\/perfumesfactory.com\/pe\/wp-content\/uploads\/2023\/07\/BANNER-perCREMA-PARA-.jpg?resize=1024%2C301&amp;ssl=1 1024w, https:\/\/i0.wp.com\/perfumesfactory.com\/pe\/wp-content\/uploads\/2023\/07\/BANNER-perCREMA-PARA-.jpg?resize=768%2C226&amp;ssl=1 768w, https:\/\/i0.wp.com\/perfumesfactory.com\/pe\/wp-content\/uploads\/2023\/07\/BANNER-perCREMA-PARA-.jpg?resize=1536%2C452&amp;ssl=1 1536w\" sizes=\"(max-width: 1000px) 100vw, 1000px\" \/>\t\t\t\t\t\t\t\t\t\t\t\t\t\t\t<\/div>\n\t\t\t\t<\/div>\n\t\t\t\t<\/div>\n\t\t\t\t\t<\/div>\n\t\t\t\t<\/div>\n\t\t<div class=\"elementor-element elementor-element-07faa4c e-flex e-con-boxed e-con e-parent\" data-id=\"07faa4c\" data-element_type=\"container\" data-e-type=\"container\">\n\t\t\t\t\t<div class=\"e-con-inner\">\n\t\t<div class=\"elementor-element elementor-element-eb72d28 e-con-full e-flex e-con e-child\" data-id=\"eb72d28\" data-element_type=\"container\" data-e-type=\"container\">\n\t\t\t\t<div class=\"elementor-element elementor-element-72646d3 elementor-widget elementor-widget-text-editor\" data-id=\"72646d3\" data-element_type=\"widget\" data-e-type=\"widget\" data-widget_type=\"text-editor.default\">\n\t\t\t\t<div class=\"elementor-widget-container\">\n\t\t\t\t\t\t\t\t\t<p>Nuestra Hand &amp; Body Lotion\u00a0est\u00e1 formulada con ingredientes como la Vitamina E, Aceite de Aguaje y Extracto de Sangre de Drago, que le brindan suavidad e hidrataci\u00f3n a tu piel. Viene en una presentaci\u00f3n neutra lista para ser personalizada con tu fragancia favorita y as\u00ed ser el complemento ideal de tu perfume.<\/p>\t\t\t\t\t\t\t\t<\/div>\n\t\t\t\t<\/div>\n\t\t\t\t<\/div>\n\t\t\t\t\t<\/div>\n\t\t\t\t<\/div>\n\t\t<div class=\"elementor-element elementor-element-d1899f3 e-flex e-con-boxed e-con e-parent\" data-id=\"d1899f3\" data-element_type=\"container\" data-e-type=\"container\">\n\t\t\t\t\t<div class=\"e-con-inner\">\n\t\t\t\t<div class=\"elementor-element elementor-element-e7cbd61 elementor-align-center elementor-widget elementor-widget-button\" data-id=\"e7cbd61\" data-element_type=\"widget\" data-e-type=\"widget\" data-widget_type=\"button.default\">\n\t\t\t\t<div class=\"elementor-widget-container\">\n\t\t\t\t\t\t\t\t\t<div class=\"elementor-button-wrapper\">\n\t\t\t\t\t<a class=\"elementor-button elementor-button-link elementor-size-sm elementor-animation-grow\" href=\"#elementor-action%3Aaction%3Dpopup%3Aopen%26settings%3DeyJpZCI6IjMyNCIsInRvZ2dsZSI6ZmFsc2V9\">\n\t\t\t\t\t\t<span class=\"elementor-button-content-wrapper\">\n\t\t\t\t\t\t\t\t\t<span class=\"elementor-button-text\">Precio<\/span>\n\t\t\t\t\t<\/span>\n\t\t\t\t\t<\/a>\n\t\t\t\t<\/div>\n\t\t\t\t\t\t\t\t<\/div>\n\t\t\t\t<\/div>\n\t\t\t\t\t<\/div>\n\t\t\t\t<\/div>\n\t\t\t\t<\/div>\n\t\t","protected":false},"excerpt":{"rendered":"<p>Nuestra Hand &amp; Body Lotion\u00a0est\u00e1 formulada con ingredientes como la Vitamina E, Aceite de Aguaje y Extracto de Sangre de Drago, que le brindan suavidad e hidrataci\u00f3n a tu piel. Viene en una presentaci\u00f3n neutra lista para ser personalizada con tu fragancia favorita y as\u00ed ser el complemento ideal de tu perfume. Precio<\/p>\n","protected":false},"author":1,"featured_media":0,"parent":0,"menu_order":0,"comment_status":"closed","ping_status":"closed","template":"","meta":{"nf_dc_page":"","_eb_attr":"","om_disable_all_campaigns":false,"footnotes":""},"class_list":["post-246","page","type-page","status-publish","hentry"],"jetpack_sharing_enabled":true,"_links":{"self":[{"href":"https:\/\/perfumesfactory.com\/pe\/wp-json\/wp\/v2\/pages\/246","targetHints":{"allow":["GET"]}}],"collection":[{"href":"https:\/\/perfumesfactory.com\/pe\/wp-json\/wp\/v2\/pages"}],"about":[{"href":"https:\/\/perfumesfactory.com\/pe\/wp-json\/wp\/v2\/types\/page"}],"author":[{"embeddable":true,"href":"https:\/\/perfumesfactory.com\/pe\/wp-json\/wp\/v2\/users\/1"}],"replies":[{"embeddable":true,"href":"https:\/\/perfumesfactory.com\/pe\/wp-json\/wp\/v2\/comments?post=246"}],"version-history":[{"count":5,"href":"https:\/\/perfumesfactory.com\/pe\/wp-json\/wp\/v2\/pages\/246\/revisions"}],"predecessor-version":[{"id":580,"href":"https:\/\/perfumesfactory.com\/pe\/wp-json\/wp\/v2\/pages\/246\/revisions\/580"}],"wp:attachment":[{"href":"https:\/\/perfumesfactory.com\/pe\/wp-json\/wp\/v2\/media?parent=246"}],"curies":[{"name":"wp","href":"https:\/\/api.w.org\/{rel}","templated":true}]}}